{"id":2015,"date":"2024-06-17T14:17:34","date_gmt":"2024-06-17T12:17:34","guid":{"rendered":"http:\/\/localhost:8080\/kontaktieren-sie-uns\/"},"modified":"2025-02-11T17:35:40","modified_gmt":"2025-02-11T16:35:40","slug":"kontaktieren-sie-uns","status":"publish","type":"page","link":"https:\/\/boxia.world\/de_CH\/kontaktieren-sie-uns\/","title":{"rendered":"Kontaktieren Sie uns"},"content":{"rendered":"\n<div class=\"wp-block-uagb-container max-w-full uagb-block-e7e8aa80 alignfull uagb-is-root-container\"><div class=\"uagb-container-inner-blocks-wrap\">\n<div class=\"wp-block-uagb-container uagb-block-d68d8e37 alignfull uagb-is-root-container\"><div class=\"uagb-container-inner-blocks-wrap\">\n<div class=\"wp-block-uagb-advanced-heading uagb-block-a5f1f69e\"><h1 class=\"uagb-heading-text\">Kontaktieren Sie uns<\/h1><\/div>\n<\/div><\/div>\n\n\n\n<div class=\"wp-block-uagb-container uagb-block-f6920b19\">\n<div class=\"wp-block-uagb-container uagb-block-b2a2ef3c\">\n<div class=\"wp-block-uagb-advanced-heading uagb-block-17c35a06\"><h2 class=\"uagb-heading-text\">Eigent\u00fcmer<\/h2><\/div>\n\n\n\n<div class=\"wp-block-uagb-advanced-heading uagb-block-35110607\"><p class=\"uagb-heading-text\">Michal Wroniszewski<\/p><\/div>\n<\/div>\n\n\n\n<div class=\"wp-block-uagb-container uagb-block-42bc1de8\">\n<div class=\"wp-block-uagb-advanced-heading uagb-block-4725457a\"><h2 class=\"uagb-heading-text\">Adresse<\/h2><\/div>\n\n\n\n<div class=\"wp-block-uagb-advanced-heading uagb-block-775324ee\"><p class=\"uagb-heading-text\">Polna 14 st. 55-330 Wilkszyn, POLEN<\/p><\/div>\n\n\n\n<div class=\"wp-block-uagb-advanced-heading uagb-block-26903e47\"><p class=\"uagb-heading-text\">Dies ist nicht die Adresse unseres Ladengesch\u00e4fts. Bisher sind wir nur online t\u00e4tig.<\/p><\/div>\n<\/div>\n\n\n\n<div class=\"wp-block-uagb-container uagb-block-8ccc3dc1\">\n<div class=\"wp-block-uagb-advanced-heading uagb-block-16b84bfc\"><h2 class=\"uagb-heading-text\">EU VAT<\/h2><\/div>\n\n\n\n<div class=\"wp-block-uagb-advanced-heading uagb-block-39416352\"><p class=\"uagb-heading-text\">8942706603<\/p><\/div>\n<\/div>\n\n\n\n<div class=\"wp-block-uagb-container uagb-block-1dcea999\">\n<div class=\"wp-block-uagb-advanced-heading uagb-block-22a61501\"><h2 class=\"uagb-heading-text\">E-mail<\/h2><\/div>\n\n\n\n<div class=\"wp-block-uagb-advanced-heading uagb-block-44e12cf2\"><p class=\"uagb-heading-text\">shop@boxia.world<\/p><\/div>\n<\/div>\n<\/div>\n\n\n\n<div class=\"wp-block-uagb-advanced-heading uagb-block-6a322d98\"><p class=\"uagb-heading-text\">Wir sind 5 Tage die Woche im Einsatz und f\u00fchren Sendungen Montag-Freitag von 9.00-17.00 Uhr MEZ durch.<\/p><\/div>\n\n\n\n<div class=\"wp-block-uagb-buttons uagb-buttons__outer-wrap uagb-btn__default-btn uagb-btn-tablet__default-btn uagb-btn-mobile__default-btn uagb-block-919e76f8\"><div class=\"uagb-buttons__wrap uagb-buttons-layout-wrap \">\n<div class=\"wp-block-uagb-buttons-child uagb-buttons__outer-wrap uagb-block-a0b06f59 wp-block-button\"><div class=\"uagb-button__wrapper\"><a class=\"uagb-buttons-repeater wp-block-button__link\" aria-label=\"\" href=\"#\" rel=\"follow noopener\" target=\"_self\" role=\"button\"><div class=\"uagb-button__link\">Direktnachricht schreiben<\/div><span class=\"uagb-button__icon uagb-button__icon-position-after\"><svg xmlns=\"https:\/\/www.w3.org\/2000\/svg\" viewBox=\"0 0 448 512\" aria-hidden=\"true\" focussable=\"false\"><path d=\"M438.6 278.6l-160 160C272.4 444.9 264.2 448 256 448s-16.38-3.125-22.62-9.375c-12.5-12.5-12.5-32.75 0-45.25L338.8 288H32C14.33 288 .0016 273.7 .0016 256S14.33 224 32 224h306.8l-105.4-105.4c-12.5-12.5-12.5-32.75 0-45.25s32.75-12.5 45.25 0l160 160C451.1 245.9 451.1 266.1 438.6 278.6z\"><\/path><\/svg><\/span><\/a><\/div><\/div>\n<\/div><\/div>\n\n\n\n<div class=\"wp-block-uagb-container uagb-block-a63f2fb6\">\n<div class=\"wp-block-uagb-advanced-heading uagb-block-3be80702\"><h2 class=\"uagb-heading-text\">Direktnachricht schreiben<\/h2><\/div>\n\n\n\n<div class=\"wp-block-uagb-advanced-heading uagb-block-f5c8f2e5\"><p class=\"uagb-heading-text\">Wir antworten normalerweise innerhalb von 24 Stunden nach dem Absenden der Nachricht<\/p><\/div>\n\n\n\n<div class=\"wp-block-contact-form-7-contact-form-selector\">\n<div class=\"wpcf7 no-js\" id=\"wpcf7-f2020-o1\" lang=\"de-CH\" dir=\"ltr\" data-wpcf7-id=\"2020\">\n<div class=\"screen-reader-response\"><p role=\"status\" aria-live=\"polite\" aria-atomic=\"true\"><\/p> <ul><\/ul><\/div>\n<form action=\"\/de_CH\/wp-json\/wp\/v2\/pages\/2015#wpcf7-f2020-o1\" method=\"post\" class=\"wpcf7-form init\" aria-label=\"Contact form\" novalidate=\"novalidate\" data-status=\"init\">\n<fieldset class=\"hidden-fields-container\"><input type=\"hidden\" name=\"_wpcf7\" value=\"2020\" \/><input type=\"hidden\" name=\"_wpcf7_version\" value=\"6.1.1\" \/><input type=\"hidden\" name=\"_wpcf7_locale\" value=\"de_CH\" \/><input type=\"hidden\" name=\"_wpcf7_unit_tag\" value=\"wpcf7-f2020-o1\" \/><input type=\"hidden\" name=\"_wpcf7_container_post\" value=\"0\" \/><input type=\"hidden\" name=\"_wpcf7_posted_data_hash\" value=\"\" \/><input type=\"hidden\" name=\"_wpcf7_recaptcha_response\" value=\"\" \/>\n<\/fieldset>\n<p><label> Thema<br \/>\n<span class=\"wpcf7-form-control-wrap\" data-name=\"your-subject\"><input size=\"40\" maxlength=\"400\" class=\"wpcf7-form-control wpcf7-text wpcf7-validates-as-required\" aria-required=\"true\" aria-invalid=\"false\" placeholder=\"Ihr thema\" value=\"\" type=\"text\" name=\"your-subject\" \/><\/span> <\/label>\n<\/p>\n<p><label> Ihre E-Mail<br \/>\n<span class=\"wpcf7-form-control-wrap\" data-name=\"your-email\"><input size=\"40\" maxlength=\"400\" class=\"wpcf7-form-control wpcf7-email wpcf7-validates-as-required wpcf7-text wpcf7-validates-as-email\" autocomplete=\"email\" aria-required=\"true\" aria-invalid=\"false\" placeholder=\"Ihre E-Mail hier . . .\" value=\"\" type=\"email\" name=\"your-email\" \/><\/span> <\/label>\n<\/p>\n<p><label> Ihre Nachricht<br \/>\n<span class=\"wpcf7-form-control-wrap\" data-name=\"your-message\"><textarea cols=\"40\" rows=\"10\" maxlength=\"2000\" class=\"wpcf7-form-control wpcf7-textarea wpcf7-validates-as-required\" aria-required=\"true\" aria-invalid=\"false\" placeholder=\"Ihre Nachricht\" name=\"your-message\"><\/textarea><\/span> <\/label>\n<\/p>\n<p><input class=\"wpcf7-form-control wpcf7-submit has-spinner\" type=\"submit\" value=\"Senden Sie die Nachricht\" \/>\n<\/p><div class=\"wpcf7-response-output\" aria-hidden=\"true\"><\/div>\n<\/form>\n<\/div>\n<\/div>\n<\/div>\n<\/div><\/div>\n","protected":false},"excerpt":{"rendered":"<p>Kontaktieren Sie uns Eigent\u00fcmer Michal Wroniszewski Adresse Polna 14 st. 55-330 Wilkszyn, POLEN Dies ist nicht die Adresse unseres Ladengesch\u00e4fts. Bisher sind wir nur online t\u00e4tig. EU VAT 8942706603 E-mail shop@boxia.world Wir sind 5 Tage die Woche im Einsatz und f\u00fchren Sendungen Montag-Freitag von 9.00-17.00 Uhr MEZ durch. Direktnachricht schreiben Wir antworten normalerweise innerhalb von [&hellip;]<\/p>\n","protected":false},"author":1,"featured_media":0,"parent":0,"menu_order":0,"comment_status":"closed","ping_status":"closed","template":"wp-custom-template-full-page","meta":{"_acf_changed":false,"om_disable_all_campaigns":false,"_uag_custom_page_level_css":"","_monsterinsights_skip_tracking":false,"_monsterinsights_sitenote_active":false,"_monsterinsights_sitenote_note":"","_monsterinsights_sitenote_category":0,"footnotes":""},"class_list":["post-2015","page","type-page","status-publish","hentry"],"acf":[],"aioseo_notices":[],"uagb_featured_image_src":{"full":false,"thumbnail":false,"medium":false,"medium_large":false,"large":false,"1536x1536":false,"2048x2048":false,"woocommerce_thumbnail":false,"woocommerce_single":false,"woocommerce_gallery_thumbnail":false},"uagb_author_info":{"display_name":"root","author_link":"https:\/\/boxia.world\/de_CH\/author\/root\/"},"uagb_comment_info":0,"uagb_excerpt":"Kontaktieren Sie uns Eigent\u00fcmer Michal Wroniszewski Adresse Polna 14 st. 55-330 Wilkszyn, POLEN Dies ist nicht die Adresse unseres Ladengesch\u00e4fts. Bisher sind wir nur online t\u00e4tig. EU VAT 8942706603 E-mail shop@boxia.world Wir sind 5 Tage die Woche im Einsatz und f\u00fchren Sendungen Montag-Freitag von 9.00-17.00 Uhr MEZ durch. Direktnachricht schreiben Wir antworten normalerweise innerhalb von&hellip;","_links":{"self":[{"href":"https:\/\/boxia.world\/de_CH\/wp-json\/wp\/v2\/pages\/2015","targetHints":{"allow":["GET"]}}],"collection":[{"href":"https:\/\/boxia.world\/de_CH\/wp-json\/wp\/v2\/pages"}],"about":[{"href":"https:\/\/boxia.world\/de_CH\/wp-json\/wp\/v2\/types\/page"}],"author":[{"embeddable":true,"href":"https:\/\/boxia.world\/de_CH\/wp-json\/wp\/v2\/users\/1"}],"replies":[{"embeddable":true,"href":"https:\/\/boxia.world\/de_CH\/wp-json\/wp\/v2\/comments?post=2015"}],"version-history":[{"count":4,"href":"https:\/\/boxia.world\/de_CH\/wp-json\/wp\/v2\/pages\/2015\/revisions"}],"predecessor-version":[{"id":2019,"href":"https:\/\/boxia.world\/de_CH\/wp-json\/wp\/v2\/pages\/2015\/revisions\/2019"}],"wp:attachment":[{"href":"https:\/\/boxia.world\/de_CH\/wp-json\/wp\/v2\/media?parent=2015"}],"curies":[{"name":"wp","href":"https:\/\/api.w.org\/{rel}","templated":true}]}}