{"id":2045,"date":"2024-06-18T10:01:19","date_gmt":"2024-06-18T08:01:19","guid":{"rendered":"http:\/\/localhost:8080\/versandkosten-fuer-ihre-boxbestellungen-lieferkosten\/"},"modified":"2025-02-11T18:29:14","modified_gmt":"2025-02-11T17:29:14","slug":"versandkosten-fuer-ihre-boxbestellungen-lieferkosten","status":"publish","type":"page","link":"https:\/\/boxia.world\/de_CH\/versandkosten-fuer-ihre-boxbestellungen-lieferkosten\/","title":{"rendered":"Versandkosten f\u00fcr Ihre Boxbestellungen &#8211; Lieferkosten"},"content":{"rendered":"\n<div class=\"wp-block-uagb-container uagb-block-ba7fb88f alignfull uagb-is-root-container\"><div class=\"uagb-container-inner-blocks-wrap\">\n<div class=\"wp-block-uagb-advanced-heading uagb-block-faa138b9\"><h1 class=\"uagb-heading-text\">Versandkosten<\/h1><\/div>\n\n\n\n<div class=\"wp-block-uagb-advanced-heading uagb-block-928b0053\"><h2 class=\"uagb-heading-text\">Wir berechnen die Kosten sorgf\u00e4ltig anhand des Gewichts und der Gr\u00f6\u00dfe des Pakets. F\u00fcr Gro\u00dfbritannien und EU-L\u00e4nder dauert die Lieferung normalerweise 3-5 Werktage. Au\u00dferhalb tun wir unser Bestes, um Waren innerhalb von zwei Wochen mit verschiedenen Versandmethoden zu liefern. Wir verwenden immer den Spediteur mit der Sendungsverfolgungsnummer und teilen Ihnen diese Informationen mit, sobald wir die Bestellung verpackt und versendet haben. Im Falle von Verz\u00f6gerungen oder Zweifeln kontaktieren Sie uns bitte per E-Mail: <a href=\"mailto:shop@boxia.world\" title=\"\">shop@boxia.world<\/a>    <\/h2><\/div>\n<\/div><\/div>\n","protected":false},"excerpt":{"rendered":"<p>Versandkosten Wir berechnen die Kosten sorgf\u00e4ltig anhand des Gewichts und der Gr\u00f6\u00dfe des Pakets. F\u00fcr Gro\u00dfbritannien und EU-L\u00e4nder dauert die Lieferung normalerweise 3-5 Werktage. Au\u00dferhalb tun wir unser Bestes, um Waren innerhalb von zwei Wochen mit verschiedenen Versandmethoden zu liefern. Wir verwenden immer den Spediteur mit der Sendungsverfolgungsnummer und teilen Ihnen diese Informationen mit, sobald [&hellip;]<\/p>\n","protected":false},"author":1,"featured_media":0,"parent":0,"menu_order":0,"comment_status":"closed","ping_status":"closed","template":"","meta":{"_acf_changed":false,"om_disable_all_campaigns":false,"_uag_custom_page_level_css":"","_monsterinsights_skip_tracking":false,"_monsterinsights_sitenote_active":false,"_monsterinsights_sitenote_note":"","_monsterinsights_sitenote_category":0,"footnotes":""},"class_list":["post-2045","page","type-page","status-publish","hentry"],"acf":[],"aioseo_notices":[],"uagb_featured_image_src":{"full":false,"thumbnail":false,"medium":false,"medium_large":false,"large":false,"1536x1536":false,"2048x2048":false,"woocommerce_thumbnail":false,"woocommerce_single":false,"woocommerce_gallery_thumbnail":false},"uagb_author_info":{"display_name":"root","author_link":"https:\/\/boxia.world\/de_CH\/author\/root\/"},"uagb_comment_info":0,"uagb_excerpt":"Versandkosten Wir berechnen die Kosten sorgf\u00e4ltig anhand des Gewichts und der Gr\u00f6\u00dfe des Pakets. F\u00fcr Gro\u00dfbritannien und EU-L\u00e4nder dauert die Lieferung normalerweise 3-5 Werktage. Au\u00dferhalb tun wir unser Bestes, um Waren innerhalb von zwei Wochen mit verschiedenen Versandmethoden zu liefern. Wir verwenden immer den Spediteur mit der Sendungsverfolgungsnummer und teilen Ihnen diese Informationen mit, sobald&hellip;","_links":{"self":[{"href":"https:\/\/boxia.world\/de_CH\/wp-json\/wp\/v2\/pages\/2045","targetHints":{"allow":["GET"]}}],"collection":[{"href":"https:\/\/boxia.world\/de_CH\/wp-json\/wp\/v2\/pages"}],"about":[{"href":"https:\/\/boxia.world\/de_CH\/wp-json\/wp\/v2\/types\/page"}],"author":[{"embeddable":true,"href":"https:\/\/boxia.world\/de_CH\/wp-json\/wp\/v2\/users\/1"}],"replies":[{"embeddable":true,"href":"https:\/\/boxia.world\/de_CH\/wp-json\/wp\/v2\/comments?post=2045"}],"version-history":[{"count":1,"href":"https:\/\/boxia.world\/de_CH\/wp-json\/wp\/v2\/pages\/2045\/revisions"}],"predecessor-version":[{"id":2046,"href":"https:\/\/boxia.world\/de_CH\/wp-json\/wp\/v2\/pages\/2045\/revisions\/2046"}],"wp:attachment":[{"href":"https:\/\/boxia.world\/de_CH\/wp-json\/wp\/v2\/media?parent=2045"}],"curies":[{"name":"wp","href":"https:\/\/api.w.org\/{rel}","templated":true}]}}