{"id":1802,"date":"2024-06-26T13:56:15","date_gmt":"2024-06-26T11:56:15","guid":{"rendered":"http:\/\/localhost:8080\/product\/dunkelgruene-schachtel\/"},"modified":"2025-08-26T21:43:48","modified_gmt":"2025-08-26T19:43:48","slug":"dunkelgruene-schachtel","status":"publish","type":"product","link":"https:\/\/boxia.world\/de_CH\/product\/dunkelgruene-schachtel\/","title":{"rendered":"DUNKELGR\u00dcNE Schachtel"},"content":{"rendered":"<p>Endlich! Die beste L\u00f6sung f\u00fcr Kallax-Regale ist da <\/p>\n<p>Haben Sie genug von den traurigen Farben von IKEA?<\/p>\n<p>SIND IHRE DROHNEN NACH EINIGEN MONATEN SCHMUTZIG ODER AUSGELEGT?<\/p>\n<p>R\u00dcSTEN SIE IHR KALLAX AUF UND ERHALTEN SIE SCH\u00d6NE RAUMDEKORATIONEN IN LEBENDIGEN FARBEN, DIE JAHRELANG IN IHREM ZUHAUSE BLEIBEN!<\/p>\n<p>Unsere Boxen haben exakt die gleiche Gr\u00f6\u00dfe von 33 x 38 x 33 cm. Sie passen perfekt zum Kallax Regal und zus\u00e4tzlich: <\/p>\n<p>\u2733\ufe0f Alle W\u00e4nde sind mit flexiblem und langlebigem Material verst\u00e4rkt.<br \/>\n\u2733\ufe0f Kinderleichter Aufbau \u2013 In wenigen Sekunden ist die Box zusammengebaut und der versteifte Boden eingelegt.<br \/>\n\u2733\ufe0f Hergestellt aus Materialien h\u00f6chster Qualit\u00e4t, die Haltbarkeit und langfristige Funktionalit\u00e4t gew\u00e4hrleisten. Sie werden jahrelang gro\u00dfartig aussehen.<br \/>\n\u2733\ufe0f Waschbar \u2013 leicht sauber zu halten. Wischen Sie sie einfach mit einem feuchten Tuch ab, um Schmutz oder Staub zu entfernen.<br \/>\n\u2733\ufe0f Sie verf\u00fcgen \u00fcber zwei bequeme Griffe \u2013 so lassen sie sich leicht aus dem Kallax herausziehen und bewegen, ohne dass man Angst haben muss, dass etwas herausf\u00e4llt.<\/p>\n<p>Wir haben Dutzende von Farben:<br \/>\n&#8211; Sonnengelb<br \/>\n&#8211; Dunkelrosa \/ Fuchsia<br \/>\n&#8211; Hellrosa<br \/>\n&#8211; Marineblau<br \/>\n&#8211; Blau<br \/>\n&#8211; Pflaume<br \/>\n&#8211; Graphit<br \/>\n&#8211; Schwarz<br \/>\n&#8211; Wei\u00df<br \/>\n&#8211; Kr\u00e4ftiges Rot<br \/>\n&#8211; Blutrot<br \/>\n&#8211; Saftiges Orange<br \/>\n&#8211; Mandarine<br \/>\n&#8211; Hellgr\u00fcn<br \/>\n&#8211; Dunkelgr\u00fcn<\/p>\n<p>Wir garantieren sofortigen Versand aus Polen! Innerhalb von 3-5 Tagen sind die Pakete in Gro\u00dfbritannien! <\/p>\n<p>&nbsp;<\/p>\n","protected":false},"excerpt":{"rendered":"<p>Endlich! Die beste L\u00f6sung f\u00fcr Kallax-Regale ist da Haben Sie genug von den traurigen Farben von IKEA? SIND IHRE DROHNEN NACH EINIGEN MONATEN SCHMUTZIG ODER AUSGELEGT? R\u00dcSTEN SIE IHR KALLAX AUF UND ERHALTEN SIE SCH\u00d6NE RAUMDEKORATIONEN IN LEBENDIGEN FARBEN, DIE JAHRELANG IN IHREM ZUHAUSE BLEIBEN! Unsere Boxen haben exakt die gleiche Gr\u00f6\u00dfe von 33 x [&hellip;]<\/p>\n","protected":false},"featured_media":2504,"comment_status":"open","ping_status":"closed","template":"","meta":{"_acf_changed":false,"om_disable_all_campaigns":false,"_uag_custom_page_level_css":"","_monsterinsights_skip_tracking":false,"_monsterinsights_sitenote_active":false,"_monsterinsights_sitenote_note":"","_monsterinsights_sitenote_category":0},"product_brand":[],"product_cat":[166],"product_tag":[],"class_list":{"0":"post-1802","1":"product","2":"type-product","3":"status-publish","4":"has-post-thumbnail","6":"product_cat-standard-de_ch","8":"first","9":"instock","10":"taxable","11":"shipping-taxable","12":"purchasable","13":"product-type-simple","14":"add-to-wishlist-after_add_to_cart"},"acf":[],"aioseo_notices":[],"uagb_featured_image_src":{"full":["https:\/\/boxia.world\/wp-content\/uploads\/2024\/06\/only_dark_green.jpg",1199,1199,false],"thumbnail":["https:\/\/boxia.world\/wp-content\/uploads\/2024\/06\/only_dark_green-150x150.jpg",150,150,true],"medium":["https:\/\/boxia.world\/wp-content\/uploads\/2024\/06\/only_dark_green-300x300.jpg",300,300,true],"medium_large":["https:\/\/boxia.world\/wp-content\/uploads\/2024\/06\/only_dark_green-768x768.jpg",768,768,true],"large":["https:\/\/boxia.world\/wp-content\/uploads\/2024\/06\/only_dark_green-1024x1024.jpg",1024,1024,true],"1536x1536":["https:\/\/boxia.world\/wp-content\/uploads\/2024\/06\/only_dark_green.jpg",1199,1199,false],"2048x2048":["https:\/\/boxia.world\/wp-content\/uploads\/2024\/06\/only_dark_green.jpg",1199,1199,false],"woocommerce_thumbnail":["https:\/\/boxia.world\/wp-content\/uploads\/2024\/06\/only_dark_green-300x300.jpg",300,300,true],"woocommerce_single":["https:\/\/boxia.world\/wp-content\/uploads\/2024\/06\/only_dark_green-600x600.jpg",600,600,true],"woocommerce_gallery_thumbnail":["https:\/\/boxia.world\/wp-content\/uploads\/2024\/06\/only_dark_green-100x100.jpg",100,100,true]},"uagb_author_info":{"display_name":"root","author_link":"https:\/\/boxia.world\/de_CH\/author\/"},"uagb_comment_info":0,"uagb_excerpt":"Endlich! Die beste L\u00f6sung f\u00fcr Kallax-Regale ist da Haben Sie genug von den traurigen Farben von IKEA? SIND IHRE DROHNEN NACH EINIGEN MONATEN SCHMUTZIG ODER AUSGELEGT? R\u00dcSTEN SIE IHR KALLAX AUF UND ERHALTEN SIE SCH\u00d6NE RAUMDEKORATIONEN IN LEBENDIGEN FARBEN, DIE JAHRELANG IN IHREM ZUHAUSE BLEIBEN! Unsere Boxen haben exakt die gleiche Gr\u00f6\u00dfe von 33 x&hellip;","_links":{"self":[{"href":"https:\/\/boxia.world\/de_CH\/wp-json\/wp\/v2\/product\/1802","targetHints":{"allow":["GET"]}}],"collection":[{"href":"https:\/\/boxia.world\/de_CH\/wp-json\/wp\/v2\/product"}],"about":[{"href":"https:\/\/boxia.world\/de_CH\/wp-json\/wp\/v2\/types\/product"}],"replies":[{"embeddable":true,"href":"https:\/\/boxia.world\/de_CH\/wp-json\/wp\/v2\/comments?post=1802"}],"wp:featuredmedia":[{"embeddable":true,"href":"https:\/\/boxia.world\/de_CH\/wp-json\/wp\/v2\/media\/2504"}],"wp:attachment":[{"href":"https:\/\/boxia.world\/de_CH\/wp-json\/wp\/v2\/media?parent=1802"}],"wp:term":[{"taxonomy":"product_brand","embeddable":true,"href":"https:\/\/boxia.world\/de_CH\/wp-json\/wp\/v2\/product_brand?post=1802"},{"taxonomy":"product_cat","embeddable":true,"href":"https:\/\/boxia.world\/de_CH\/wp-json\/wp\/v2\/product_cat?post=1802"},{"taxonomy":"product_tag","embeddable":true,"href":"https:\/\/boxia.world\/de_CH\/wp-json\/wp\/v2\/product_tag?post=1802"}],"curies":[{"name":"wp","href":"https:\/\/api.w.org\/{rel}","templated":true}]}}