{"id":896,"date":"2024-06-14T14:33:16","date_gmt":"2024-06-14T12:33:16","guid":{"rendered":"https:\/home\/dara\/Work\/localhost:8080\/localhost:8080\/moje-konto\/"},"modified":"2025-02-11T19:06:04","modified_gmt":"2025-02-11T18:06:04","slug":"moje-konto","status":"publish","type":"page","link":"https:\/\/boxia.world\/pl\/moje-konto\/","title":{"rendered":"Moje konto"},"content":{"rendered":"\n<div class=\"wp-block-uagb-container uagb-block-1fbd4a92 alignfull uagb-is-root-container\"><div class=\"uagb-container-inner-blocks-wrap\"><div class=\"woocommerce\"><div class=\"woocommerce-notices-wrapper\"><\/div>\n\n<div class=\"u-columns col2-set\" id=\"customer_login\">\n\n\t<div class=\"u-column1 col-1\">\n\n\n\t\t<h2>Logowanie<\/h2>\n\n\t\t<form class=\"woocommerce-form woocommerce-form-login login\" method=\"post\" novalidate>\n\n\t\t\t\n\t\t\t<p class=\"woocommerce-form-row woocommerce-form-row--wide form-row form-row-wide\">\n\t\t\t\t<label for=\"username\">Nazwa u\u017cytkownika lub adres e-mail&nbsp;<span class=\"required\" aria-hidden=\"true\">*<\/span><span class=\"screen-reader-text\">Wymagane<\/span><\/label>\n\t\t\t\t<input type=\"text\" class=\"woocommerce-Input woocommerce-Input--text input-text\" name=\"username\" id=\"username\" autocomplete=\"username\" value=\"\" required aria-required=\"true\" \/>\t\t\t<\/p>\n\t\t\t<p class=\"woocommerce-form-row woocommerce-form-row--wide form-row form-row-wide\">\n\t\t\t\t<label for=\"password\">Has\u0142o&nbsp;<span class=\"required\" aria-hidden=\"true\">*<\/span><span class=\"screen-reader-text\">Wymagane<\/span><\/label>\n\t\t\t\t<input class=\"woocommerce-Input woocommerce-Input--text input-text\" type=\"password\" name=\"password\" id=\"password\" autocomplete=\"current-password\" required aria-required=\"true\" \/>\n\t\t\t<\/p>\n\n\t\t\t<div class=\"the_champ_outer_login_container\"><div class=\"the_champ_social_login_title\">Login with your Social ID<\/div><div class=\"the_champ_login_container\"><ul class=\"the_champ_login_ul\"><li><i class=\"theChampLogin theChampFacebookBackground theChampFacebookLogin\" alt=\"Login with Facebook\" title=\"Login with Facebook\" onclick=\"theChampInitiateLogin(this, 'facebook')\"><div class=\"theChampFacebookLogoContainer\"><ss style=\"display:block\" class=\"theChampLoginSvg theChampFacebookLoginSvg\"><\/ss><\/div><\/i><\/li><li><i id=\"theChampGoogleButton\" class=\"theChampLogin theChampGoogleBackground theChampGoogleLogin\" alt=\"Login with Google\" title=\"Login with Google\" onclick=\"theChampInitiateLogin(this, 'google')\"><ss style=\"display:block\" class=\"theChampLoginSvg theChampGoogleLoginSvg\"><\/ss><\/i><\/li><\/ul><\/div><\/div><div style=\"clear:both;margin-bottom: 6px\"><\/div><input type=\"hidden\" name=\"g-recaptcha-response\" class=\"agr-recaptcha-response\" value=\"\" \/><script>\r\n                function wpcaptcha_captcha(){\r\n                    grecaptcha.execute(\"6LcocbMrAAAAADMXRkoGNbcZyg0YxQxngNp1l1N2\", {action: \"submit\"}).then(function(token) {\r\n                        var captchas = document.querySelectorAll(\".agr-recaptcha-response\");\r\n                        captchas.forEach(function(captcha) {\r\n                            captcha.value = token;\r\n                        });\r\n                    });\r\n                }\r\n                <\/script><script>\r\n                    jQuery(\"form.woocommerce-checkout\").on(\"submit\", function(){\r\n                        setTimeout(function(){\r\n                            wpcaptcha_captcha();\r\n                        },100);\r\n                    });\r\n                <\/script><script src='https:\/\/www.google.com\/recaptcha\/api.js?onload=wpcaptcha_captcha&render=6LcocbMrAAAAADMXRkoGNbcZyg0YxQxngNp1l1N2&ver=1.31' id='wpcaptcha-recaptcha-js'><\/script>\n\t\t\t<p class=\"form-row\">\n\t\t\t\t<label class=\"woocommerce-form__label woocommerce-form__label-for-checkbox woocommerce-form-login__rememberme\">\n\t\t\t\t\t<input class=\"woocommerce-form__input woocommerce-form__input-checkbox\" name=\"rememberme\" type=\"checkbox\" id=\"rememberme\" value=\"forever\" \/> <span>Zapami\u0119taj mnie<\/span>\n\t\t\t\t<\/label>\n\t\t\t\t<input type=\"hidden\" id=\"woocommerce-login-nonce\" name=\"woocommerce-login-nonce\" value=\"c5e62e1cca\" \/><input type=\"hidden\" name=\"_wp_http_referer\" value=\"\/pl\/wp-json\/wp\/v2\/pages\/896\" \/>\t\t\t\t<button type=\"submit\" class=\"woocommerce-button button woocommerce-form-login__submit wp-element-button\" name=\"login\" value=\"Zaloguj si\u0119\">Zaloguj si\u0119<\/button>\n\t\t\t<\/p>\n\t\t\t<p class=\"woocommerce-LostPassword lost_password\">\n\t\t\t\t<a href=\"https:\/\/boxia.world\/pl\/moje-konto-2\/lost-password\/\">Nie pami\u0119tasz has\u0142a?<\/a>\n\t\t\t<\/p>\n\n\t\t\t\n\t\t<\/form>\n\n\n\t<\/div>\n\n\t<div class=\"u-column2 col-2\">\n\n\t\t<h2>Zarejestruj si\u0119<\/h2>\n\n\t\t<form method=\"post\" class=\"woocommerce-form woocommerce-form-register register\"  >\n\n\t\t\t\n\t\t\t\n\t\t\t<p class=\"woocommerce-form-row woocommerce-form-row--wide form-row form-row-wide\">\n\t\t\t\t<label for=\"reg_email\">Adres e-mail&nbsp;<span class=\"required\" aria-hidden=\"true\">*<\/span><span class=\"screen-reader-text\">Wymagane<\/span><\/label>\n\t\t\t\t<input type=\"email\" class=\"woocommerce-Input woocommerce-Input--text input-text\" name=\"email\" id=\"reg_email\" autocomplete=\"email\" value=\"\" required aria-required=\"true\" \/>\t\t\t<\/p>\n\n\t\t\t\n\t\t\t\t<p>Na adres e-mail zostanie wys\u0142any odno\u015bnik do ustawienia nowego has\u0142a.<\/p>\n\n\t\t\t\n\t\t\t<div class=\"the_champ_outer_login_container\"><div class=\"the_champ_social_login_title\">Login with your Social ID<\/div><div class=\"the_champ_login_container\"><ul class=\"the_champ_login_ul\"><li><i class=\"theChampLogin theChampFacebookBackground theChampFacebookLogin\" alt=\"Login with Facebook\" title=\"Login with Facebook\" onclick=\"theChampInitiateLogin(this, 'facebook')\"><div class=\"theChampFacebookLogoContainer\"><ss style=\"display:block\" class=\"theChampLoginSvg theChampFacebookLoginSvg\"><\/ss><\/div><\/i><\/li><li><i id=\"theChampGoogleButton\" class=\"theChampLogin theChampGoogleBackground theChampGoogleLogin\" alt=\"Login with Google\" title=\"Login with Google\" onclick=\"theChampInitiateLogin(this, 'google')\"><ss style=\"display:block\" class=\"theChampLoginSvg theChampGoogleLoginSvg\"><\/ss><\/i><\/li><\/ul><\/div><\/div><div style=\"clear:both;margin-bottom: 6px\"><\/div><wc-order-attribution-inputs><\/wc-order-attribution-inputs><div class=\"woocommerce-privacy-policy-text\"><p>Your personal data will be used to support your experience throughout this website, to manage access to your account, and for other purposes described in our <a href=\"https:\/\/boxia.world\/store-policy\/\" class=\"woocommerce-privacy-policy-link\" target=\"_blank\">polityka prywatno\u015bci<\/a>.<\/p>\n<\/div>\n\t\t\t<p class=\"woocommerce-form-row form-row\">\n\t\t\t\t<input type=\"hidden\" id=\"woocommerce-register-nonce\" name=\"woocommerce-register-nonce\" value=\"b5bedadc35\" \/><input type=\"hidden\" name=\"_wp_http_referer\" value=\"\/pl\/wp-json\/wp\/v2\/pages\/896\" \/>\t\t\t\t<button type=\"submit\" class=\"woocommerce-Button woocommerce-button button wp-element-button woocommerce-form-register__submit\" name=\"register\" value=\"Zarejestruj si\u0119\">Zarejestruj si\u0119<\/button>\n\t\t\t<\/p>\n\n\t\t\t\n\t\t<\/form>\n\n\t<\/div>\n\n<\/div>\n\n<\/div>\n<\/div><\/div>\n","protected":false},"excerpt":{"rendered":"","protected":false},"author":1,"featured_media":0,"parent":0,"menu_order":0,"comment_status":"closed","ping_status":"closed","template":"wp-custom-template-full-page","meta":{"_acf_changed":false,"om_disable_all_campaigns":false,"_uag_custom_page_level_css":"","_monsterinsights_skip_tracking":false,"_monsterinsights_sitenote_active":false,"_monsterinsights_sitenote_note":"","_monsterinsights_sitenote_category":0,"footnotes":""},"class_list":["post-896","page","type-page","status-publish","hentry"],"acf":[],"aioseo_notices":[],"uagb_featured_image_src":{"full":false,"thumbnail":false,"medium":false,"medium_large":false,"large":false,"1536x1536":false,"2048x2048":false,"woocommerce_thumbnail":false,"woocommerce_single":false,"woocommerce_gallery_thumbnail":false},"uagb_author_info":{"display_name":"root","author_link":"https:\/\/boxia.world\/pl\/author\/root\/"},"uagb_comment_info":0,"uagb_excerpt":null,"_links":{"self":[{"href":"https:\/\/boxia.world\/pl\/wp-json\/wp\/v2\/pages\/896","targetHints":{"allow":["GET"]}}],"collection":[{"href":"https:\/\/boxia.world\/pl\/wp-json\/wp\/v2\/pages"}],"about":[{"href":"https:\/\/boxia.world\/pl\/wp-json\/wp\/v2\/types\/page"}],"author":[{"embeddable":true,"href":"https:\/\/boxia.world\/pl\/wp-json\/wp\/v2\/users\/1"}],"replies":[{"embeddable":true,"href":"https:\/\/boxia.world\/pl\/wp-json\/wp\/v2\/comments?post=896"}],"version-history":[{"count":2,"href":"https:\/\/boxia.world\/pl\/wp-json\/wp\/v2\/pages\/896\/revisions"}],"predecessor-version":[{"id":2069,"href":"https:\/\/boxia.world\/pl\/wp-json\/wp\/v2\/pages\/896\/revisions\/2069"}],"wp:attachment":[{"href":"https:\/\/boxia.world\/pl\/wp-json\/wp\/v2\/media?parent=896"}],"curies":[{"name":"wp","href":"https:\/\/api.w.org\/{rel}","templated":true}]}}