{"id":908,"date":"2024-07-08T13:00:57","date_gmt":"2024-07-08T11:00:57","guid":{"rendered":"https:\/home\/dara\/Work\/localhost:8080\/localhost:8080\/porady-ekspertow-i-trendy-w-produkcji-pudelek-nasz-blog\/"},"modified":"2025-03-03T22:43:06","modified_gmt":"2025-03-03T21:43:06","slug":"porady-ekspertow-i-trendy-w-produkcji-pudelek-nasz-blog","status":"publish","type":"page","link":"https:\/\/boxia.world\/pl\/porady-ekspertow-i-trendy-w-produkcji-pudelek-nasz-blog\/","title":{"rendered":"Porady ekspert\u00f3w w produkcji pude\u0142ek Kallax"},"content":{"rendered":"\n<div class=\"wp-block-uagb-container uagb-block-1baa737d default uagb-is-root-container\">\n<div class=\"wp-block-uagb-advanced-heading uagb-block-79419578\"><h1 class=\"uagb-heading-text\">Nasz blog<\/h1><\/div>\n\n\n\n<div class=\"wp-block-uagb-advanced-heading uagb-block-0068bbe6\"><p class=\"uagb-heading-text\">Odkryj stylowe i funkcjonalne pude\u0142ka do przechowywania Kallax na BOXIA.WORLD \u2014 idealne do \u0142atwego uporz\u0105dkowania i upi\u0119kszenia przestrzeni!<\/p><\/div>\n<\/div>\n\n\n\n<div class=\"wp-block-uagb-container uagb-block-6d43ca98 alignfull uagb-is-root-container\"><div class=\"uagb-container-inner-blocks-wrap\">\n\t\t\t<div class=\"wp-block-uagb-post-grid uagb-post-grid  uagb-post__image-position-top uagb-post__image-enabled uagb-block-97afe7cc     uagb-post__items uagb-post__columns-3 is-grid uagb-post__columns-tablet-2 uagb-post__columns-mobile-1 uagb-post__equal-height\" data-total=\"1\" style=\"\">\n\n\t\t\t\t\t\t\t\t\t\t\t\t<article class=\"uagb-post__inner-wrap\">\t\t\t\t\t\t\t\t<h4 class=\"uagb-post__title uagb-post__text\">\n\t\t\t\t<a href=\"https:\/\/boxia.world\/pl\/powrot-do-szkoly-jak-zorganizowac-miejsce-do-nauki-dla-dziecka\/\" target=\"_self\" rel=\"bookmark noopener noreferrer\">Powr\u00f3t do szko\u0142y \u2013 jak zorganizowa\u0107 miejsce do nauki dla dziecka<\/a>\n\t\t\t<\/h4>\n\t\t\t\t\t\t<div class='uagb-post__text uagb-post-grid-byline'>\n\t\t\t\t\t\t\t\t<time datetime=\"2025-09-19T09:46:29+02:00\" class=\"uagb-post__date\">\n\t\t\t\t<span class=\"dashicons-calendar dashicons\"><\/span>\t\t\t\t\t2025-09-19\t\t\t\t<\/time>\n\t\t\t\t\t\t\t<span class=\"uagb-post__comment\">\n\t\t\t\t<span class=\"dashicons-admin-comments dashicons\"><\/span>\t\t\t\t\tBrak komentarzy\t\t\t\t<\/span>\n\t\t\t\t\t\t<\/div>\n\t\t\t\t\t\t\t<div class='uagb-post__text uagb-post__excerpt'>\n\t\t\t\t\t<p>Powr\u00f3t do szko\u0142y \u2013 jak zorganizowa\u0107 miejsce do nauki dla dziecka Pocz\u0105tek roku szkolnego to&#8230;\t\t\t\t<\/div>\n\t\t\t\t\t\t<div class=\"uagb-post__text uagb-post__cta wp-block-button\">\n\t\t\t\t<a class=\"wp-block-button__link uagb-text-link\" style=\"\" href=\"https:\/\/boxia.world\/pl\/powrot-do-szkoly-jak-zorganizowac-miejsce-do-nauki-dla-dziecka\/\" target=\"_self\" rel=\"bookmark noopener noreferrer\">Dowiedz si\u0119 wi\u0119cej<\/a>\n\t\t\t<\/div>\n\t\t\t\n\t\t\t\t\t\t\t\t\t<\/article>\n\t\t\t\t\t\t\t\t\t\t\t\t\t\t\t\t<article class=\"uagb-post__inner-wrap\">\t\t\t\t\t\t\t\t<h4 class=\"uagb-post__title uagb-post__text\">\n\t\t\t\t<a href=\"https:\/\/boxia.world\/pl\/jesienne-porzadki-w-domu-gdzie-schowac-sezonowe-rzeczy\/\" target=\"_self\" rel=\"bookmark noopener noreferrer\">Jesienne porz\u0105dki w domu \u2013 gdzie schowa\u0107 sezonowe rzeczy?<\/a>\n\t\t\t<\/h4>\n\t\t\t\t\t\t<div class='uagb-post__text uagb-post-grid-byline'>\n\t\t\t\t\t\t\t\t<time datetime=\"2025-09-19T09:41:55+02:00\" class=\"uagb-post__date\">\n\t\t\t\t<span class=\"dashicons-calendar dashicons\"><\/span>\t\t\t\t\t2025-09-19\t\t\t\t<\/time>\n\t\t\t\t\t\t\t<span class=\"uagb-post__comment\">\n\t\t\t\t<span class=\"dashicons-admin-comments dashicons\"><\/span>\t\t\t\t\tBrak komentarzy\t\t\t\t<\/span>\n\t\t\t\t\t\t<\/div>\n\t\t\t\t\t\t\t<div class='uagb-post__text uagb-post__excerpt'>\n\t\t\t\t\t<p>Jesienne porz\u0105dki w domu \u2013 gdzie schowa\u0107 sezonowe rzeczy? Jesie\u0144 to czas zmian nie tylko&#8230;\t\t\t\t<\/div>\n\t\t\t\t\t\t<div class=\"uagb-post__text uagb-post__cta wp-block-button\">\n\t\t\t\t<a class=\"wp-block-button__link uagb-text-link\" style=\"\" href=\"https:\/\/boxia.world\/pl\/jesienne-porzadki-w-domu-gdzie-schowac-sezonowe-rzeczy\/\" target=\"_self\" rel=\"bookmark noopener noreferrer\">Dowiedz si\u0119 wi\u0119cej<\/a>\n\t\t\t<\/div>\n\t\t\t\n\t\t\t\t\t\t\t\t\t<\/article>\n\t\t\t\t\t\t\t\t\t\t\t\t\t\t\t\t<article class=\"uagb-post__inner-wrap\">\t\t\t\t\t\t\t\t<h4 class=\"uagb-post__title uagb-post__text\">\n\t\t\t\t<a href=\"https:\/\/boxia.world\/pl\/jak-uporzadkowac-salon-z-pomoca-regalow-kallax-i-pudelek-boxia\/\" target=\"_self\" rel=\"bookmark noopener noreferrer\">Jak uporz\u0105dkowa\u0107 salon z pomoc\u0105 rega\u0142\u00f3w Kallax i pude\u0142ek Boxia<\/a>\n\t\t\t<\/h4>\n\t\t\t\t\t\t<div class='uagb-post__text uagb-post-grid-byline'>\n\t\t\t\t\t\t\t\t<time datetime=\"2025-09-19T09:31:32+02:00\" class=\"uagb-post__date\">\n\t\t\t\t<span class=\"dashicons-calendar dashicons\"><\/span>\t\t\t\t\t2025-09-19\t\t\t\t<\/time>\n\t\t\t\t\t\t\t<span class=\"uagb-post__comment\">\n\t\t\t\t<span class=\"dashicons-admin-comments dashicons\"><\/span>\t\t\t\t\tBrak komentarzy\t\t\t\t<\/span>\n\t\t\t\t\t\t<\/div>\n\t\t\t\t\t\t\t<div class='uagb-post__text uagb-post__excerpt'>\n\t\t\t\t\t<p>Jak uporz\u0105dkowa\u0107 salon z pomoc\u0105 rega\u0142\u00f3w Kallax i pude\u0142ek Boxia Salon to serce domu \u2013&#8230;\t\t\t\t<\/div>\n\t\t\t\t\t\t<div class=\"uagb-post__text uagb-post__cta wp-block-button\">\n\t\t\t\t<a class=\"wp-block-button__link uagb-text-link\" style=\"\" href=\"https:\/\/boxia.world\/pl\/jak-uporzadkowac-salon-z-pomoca-regalow-kallax-i-pudelek-boxia\/\" target=\"_self\" rel=\"bookmark noopener noreferrer\">Dowiedz si\u0119 wi\u0119cej<\/a>\n\t\t\t<\/div>\n\t\t\t\n\t\t\t\t\t\t\t\t\t<\/article>\n\t\t\t\t\t\t\t\t\t\t\t\t\t\t\t\t<article class=\"uagb-post__inner-wrap\">\t\t\t\t\t\t\t\t<h4 class=\"uagb-post__title uagb-post__text\">\n\t\t\t\t<a href=\"https:\/\/boxia.world\/pl\/wielkanoc-z-pudelkami-boxia-czyli-jak-ozywic-wnetrze-na-wiosne\/\" target=\"_self\" rel=\"bookmark noopener noreferrer\">Wielkanoc z pude\u0142kami Boxia, czyli jak o\u017cywi\u0107 wn\u0119trze na wiosn\u0119<\/a>\n\t\t\t<\/h4>\n\t\t\t\t\t\t<div class='uagb-post__text uagb-post-grid-byline'>\n\t\t\t\t\t\t\t\t<time datetime=\"2025-03-26T23:24:39+01:00\" class=\"uagb-post__date\">\n\t\t\t\t<span class=\"dashicons-calendar dashicons\"><\/span>\t\t\t\t\t2025-03-26\t\t\t\t<\/time>\n\t\t\t\t\t\t\t<span class=\"uagb-post__comment\">\n\t\t\t\t<span class=\"dashicons-admin-comments dashicons\"><\/span>\t\t\t\t\tBrak komentarzy\t\t\t\t<\/span>\n\t\t\t\t\t\t<\/div>\n\t\t\t\t\t\t\t<div class='uagb-post__text uagb-post__excerpt'>\n\t\t\t\t\t<p>Wielkanoc z pude\u0142kami Boxia, czyli jak o\u017cywi\u0107 wn\u0119trze na wiosn\u0119 Wielkanoc to pora roku, kiedy&#8230;\t\t\t\t<\/div>\n\t\t\t\t\t\t<div class=\"uagb-post__text uagb-post__cta wp-block-button\">\n\t\t\t\t<a class=\"wp-block-button__link uagb-text-link\" style=\"\" href=\"https:\/\/boxia.world\/pl\/wielkanoc-z-pudelkami-boxia-czyli-jak-ozywic-wnetrze-na-wiosne\/\" target=\"_self\" rel=\"bookmark noopener noreferrer\">Dowiedz si\u0119 wi\u0119cej<\/a>\n\t\t\t<\/div>\n\t\t\t\n\t\t\t\t\t\t\t\t\t<\/article>\n\t\t\t\t\t\t\t\t\t\t\t\t\t\t\t\t<article class=\"uagb-post__inner-wrap\">\t\t\t\t\t\t\t\t<h4 class=\"uagb-post__title uagb-post__text\">\n\t\t\t\t<a href=\"https:\/\/boxia.world\/pl\/magia-kolorow-czyli-jak-latwo-odmienic-swoje-wnetrze\/\" target=\"_self\" rel=\"bookmark noopener noreferrer\">Magia kolor\u00f3w, czyli jak \u0142atwo odmieni\u0107 swoje wn\u0119trze<\/a>\n\t\t\t<\/h4>\n\t\t\t\t\t\t<div class='uagb-post__text uagb-post-grid-byline'>\n\t\t\t\t\t\t\t\t<time datetime=\"2025-02-21T17:34:04+01:00\" class=\"uagb-post__date\">\n\t\t\t\t<span class=\"dashicons-calendar dashicons\"><\/span>\t\t\t\t\t2025-02-21\t\t\t\t<\/time>\n\t\t\t\t\t\t\t<span class=\"uagb-post__comment\">\n\t\t\t\t<span class=\"dashicons-admin-comments dashicons\"><\/span>\t\t\t\t\tBrak komentarzy\t\t\t\t<\/span>\n\t\t\t\t\t\t<\/div>\n\t\t\t\t\t\t\t<div class='uagb-post__text uagb-post__excerpt'>\n\t\t\t\t\t<p>Magia kolor\u00f3w, czyli jak \u0142atwo odmieni\u0107 swoje wn\u0119trze W \u015bwiecie designu i aran\u017cacji wn\u0119trz ro\u015bnie&#8230;\t\t\t\t<\/div>\n\t\t\t\t\t\t<div class=\"uagb-post__text uagb-post__cta wp-block-button\">\n\t\t\t\t<a class=\"wp-block-button__link uagb-text-link\" style=\"\" href=\"https:\/\/boxia.world\/pl\/magia-kolorow-czyli-jak-latwo-odmienic-swoje-wnetrze\/\" target=\"_self\" rel=\"bookmark noopener noreferrer\">Dowiedz si\u0119 wi\u0119cej<\/a>\n\t\t\t<\/div>\n\t\t\t\n\t\t\t\t\t\t\t\t\t<\/article>\n\t\t\t\t\t\t\t\t\t\t\t\t\t\t\t\t<article class=\"uagb-post__inner-wrap\">\t\t\t\t\t\t\t\t<h4 class=\"uagb-post__title uagb-post__text\">\n\t\t\t\t<a href=\"https:\/\/boxia.world\/pl\/sila-barw-czyli-jak-kolory-wplywaja-na-nasze-samopoczucie\/\" target=\"_self\" rel=\"bookmark noopener noreferrer\">Si\u0142a Barw, czyli jak kolory wp\u0142ywaj\u0105 na nasze samopoczucie<\/a>\n\t\t\t<\/h4>\n\t\t\t\t\t\t<div class='uagb-post__text uagb-post-grid-byline'>\n\t\t\t\t\t\t\t\t<time datetime=\"2025-01-15T16:57:12+01:00\" class=\"uagb-post__date\">\n\t\t\t\t<span class=\"dashicons-calendar dashicons\"><\/span>\t\t\t\t\t2025-01-15\t\t\t\t<\/time>\n\t\t\t\t\t\t\t<span class=\"uagb-post__comment\">\n\t\t\t\t<span class=\"dashicons-admin-comments dashicons\"><\/span>\t\t\t\t\tBrak komentarzy\t\t\t\t<\/span>\n\t\t\t\t\t\t<\/div>\n\t\t\t\t\t\t\t<div class='uagb-post__text uagb-post__excerpt'>\n\t\t\t\t\t<p>Si\u0142a Barw, czyli jak kolory wp\u0142ywaj\u0105 na nasze samopoczucie Kolory otaczaj\u0105 nas z ka\u017cdej strony&#8230;\t\t\t\t<\/div>\n\t\t\t\t\t\t<div class=\"uagb-post__text uagb-post__cta wp-block-button\">\n\t\t\t\t<a class=\"wp-block-button__link uagb-text-link\" style=\"\" href=\"https:\/\/boxia.world\/pl\/sila-barw-czyli-jak-kolory-wplywaja-na-nasze-samopoczucie\/\" target=\"_self\" rel=\"bookmark noopener noreferrer\">Dowiedz si\u0119 wi\u0119cej<\/a>\n\t\t\t<\/div>\n\t\t\t\n\t\t\t\t\t\t\t\t\t<\/article>\n\t\t\t\t\t\t\t\t\t\t\t<\/div>\n\t\t\t<\/div><\/div>\n","protected":false},"excerpt":{"rendered":"<p>Nasz blog Odkryj stylowe i funkcjonalne pude\u0142ka do przechowywania Kallax na BOXIA.WORLD \u2014 idealne do \u0142atwego uporz\u0105dkowania i upi\u0119kszenia przestrzeni!<\/p>\n","protected":false},"author":1,"featured_media":0,"parent":0,"menu_order":0,"comment_status":"closed","ping_status":"closed","template":"","meta":{"_acf_changed":false,"om_disable_all_campaigns":false,"_uag_custom_page_level_css":"","_monsterinsights_skip_tracking":false,"_monsterinsights_sitenote_active":false,"_monsterinsights_sitenote_note":"","_monsterinsights_sitenote_category":0,"footnotes":""},"class_list":["post-908","page","type-page","status-publish","hentry"],"acf":[],"aioseo_notices":[],"uagb_featured_image_src":{"full":false,"thumbnail":false,"medium":false,"medium_large":false,"large":false,"1536x1536":false,"2048x2048":false,"woocommerce_thumbnail":false,"woocommerce_single":false,"woocommerce_gallery_thumbnail":false},"uagb_author_info":{"display_name":"root","author_link":"https:\/\/boxia.world\/pl\/author\/root\/"},"uagb_comment_info":0,"uagb_excerpt":"Nasz blog Odkryj stylowe i funkcjonalne pude\u0142ka do przechowywania Kallax na BOXIA.WORLD \u2014 idealne do \u0142atwego uporz\u0105dkowania i upi\u0119kszenia przestrzeni!","_links":{"self":[{"href":"https:\/\/boxia.world\/pl\/wp-json\/wp\/v2\/pages\/908","targetHints":{"allow":["GET"]}}],"collection":[{"href":"https:\/\/boxia.world\/pl\/wp-json\/wp\/v2\/pages"}],"about":[{"href":"https:\/\/boxia.world\/pl\/wp-json\/wp\/v2\/types\/page"}],"author":[{"embeddable":true,"href":"https:\/\/boxia.world\/pl\/wp-json\/wp\/v2\/users\/1"}],"replies":[{"embeddable":true,"href":"https:\/\/boxia.world\/pl\/wp-json\/wp\/v2\/comments?post=908"}],"version-history":[{"count":6,"href":"https:\/\/boxia.world\/pl\/wp-json\/wp\/v2\/pages\/908\/revisions"}],"predecessor-version":[{"id":2819,"href":"https:\/\/boxia.world\/pl\/wp-json\/wp\/v2\/pages\/908\/revisions\/2819"}],"wp:attachment":[{"href":"https:\/\/boxia.world\/pl\/wp-json\/wp\/v2\/media?parent=908"}],"curies":[{"name":"wp","href":"https:\/\/api.w.org\/{rel}","templated":true}]}}