{"id":924,"date":"2024-06-26T13:43:54","date_gmt":"2024-06-26T11:43:54","guid":{"rendered":"https:\/home\/dara\/Work\/localhost:8080\/localhost:8080\/product\/pudelko-light-blue\/"},"modified":"2025-12-07T16:59:05","modified_gmt":"2025-12-07T15:59:05","slug":"pudelko-kallax-light-blue","status":"publish","type":"product","link":"https:\/\/boxia.world\/pl\/produkt\/pudelko-kallax-light-blue\/","title":{"rendered":"PUDE\u0141KO DO KALLAX NIEBIESKIE"},"content":{"rendered":"<p>Nareszcie! Najlepsze rozwi\u0105zanie dla rega\u0142u Kallax jest tutaj<\/p>\n<p>ZM\u0118CZONY SMUTNYMI KOLORAMI Z IKEA?<\/p>\n<p>TWOJE DRONY PO KILKU MIESI\u0104CACH S\u0104 BRUDNE CZY ROZCI\u0104GNI\u0118TE?<\/p>\n<p>ULEPSZ SW\u00d3J KALLAX, ABY UZYSKA\u0106 PI\u0118KNE DEKORACJE POKOJU W \u017bYWYCH KOLORACH, KT\u00d3RE POZOSTAN\u0104 W TWOIM DOMU PRZEZ LATA!<\/p>\n<p>Nasze pude\u0142ka maj\u0105 dok\u0142adnie taki sam rozmiar 33 x 38 x 33 cm. Idealnie pasuj\u0105 do rega\u0142u Kallax i dodatkowo:<\/p>\n<p>&#8211; Wszystkie \u015bciany s\u0105 usztywnione elastycznym i wytrzyma\u0142ym materia\u0142em.<br \/>\n&#8211; Bardzo \u0142atwy monta\u017c &#8211; wystarczy kilka sekund, aby z\u0142o\u017cy\u0107 pude\u0142ko i w\u0142o\u017cy\u0107 do niego usztywnione dno.<br \/>\n&#8211; Wykonany z najwy\u017cszej jako\u015bci materia\u0142\u00f3w, co zapewnia trwa\u0142o\u015b\u0107 i d\u0142ugotrwa\u0142\u0105 funkcjonalno\u015b\u0107. B\u0119d\u0105 wygl\u0105da\u0107 \u015bwietnie przez lata.<br \/>\n&#8211; Zmywalna &#8211; \u0142atwa do utrzymania w czysto\u015bci. Wystarczy przetrze\u0107 je wilgotn\u0105 szmatk\u0105, aby usun\u0105\u0107 brud lub kurz.<br \/>\n&#8211; Maj\u0105 dwa wygodne uchwyty &#8211; \u0142atwo je wysun\u0105\u0107 z Kallaxa i mo\u017cna je przenosi\u0107 bez obawy, \u017ce co\u015b z nich wypadnie.<\/p>\n<p>Posiadamy kilkana\u015bcie kolor\u00f3w:<br \/>\n&#8211; s\u0142oneczny \u017c\u00f3\u0142ty<br \/>\n&#8211; ciemny r\u00f3\u017c \/ fuksja<br \/>\n&#8211; jasny r\u00f3\u017c<br \/>\n&#8211; granatowy<br \/>\n&#8211; niebieski<br \/>\n&#8211; \u015bliwkowy<br \/>\n&#8211; grafitowy<br \/>\n&#8211; czarny<br \/>\n&#8211; bia\u0142y<br \/>\n&#8211; \u017cywa czerwie\u0144<br \/>\n&#8211; krwista czerwie\u0144<br \/>\n&#8211; soczysta pomara\u0144cza<br \/>\n&#8211; mandarynka<br \/>\n&#8211; jasna ziele\u0144<br \/>\n&#8211; ciemna ziele\u0144<\/p>\n<p>Gwarantujemy natychmiastow\u0105 wysy\u0142k\u0119 z Polski! Zam\u00f3wienia z\u0142o\u017cone do po\u0142udnia zostaj\u0105 wys\u0142ane tego samego dnia i docieraj\u0105 kurierem nast\u0119pnego dnia.<\/p>\n<p>&nbsp;<\/p>\n","protected":false},"excerpt":{"rendered":"<p>To pude\u0142ko ma dok\u0142adnie taki sam rozmiar 33 x 38 x 33 cm. Idealnie pasuje do rega\u0142u Kallax.<\/p>\n","protected":false},"featured_media":2652,"comment_status":"open","ping_status":"closed","template":"","meta":{"_acf_changed":false,"om_disable_all_campaigns":false,"_uag_custom_page_level_css":"","_monsterinsights_skip_tracking":false,"_monsterinsights_sitenote_active":false,"_monsterinsights_sitenote_note":"","_monsterinsights_sitenote_category":0},"product_brand":[],"product_cat":[109],"product_tag":[],"class_list":{"0":"post-924","1":"product","2":"type-product","3":"status-publish","4":"has-post-thumbnail","6":"product_cat-standard-pl","8":"first","9":"instock","10":"taxable","11":"shipping-taxable","12":"purchasable","13":"product-type-simple","14":"add-to-wishlist-after_add_to_cart"},"acf":[],"aioseo_notices":[],"uagb_featured_image_src":{"full":["https:\/\/boxia.world\/wp-content\/uploads\/2024\/06\/only_light_blue.jpg",893,893,false],"thumbnail":["https:\/\/boxia.world\/wp-content\/uploads\/2024\/06\/only_light_blue-150x150.jpg",150,150,true],"medium":["https:\/\/boxia.world\/wp-content\/uploads\/2024\/06\/only_light_blue-300x300.jpg",300,300,true],"medium_large":["https:\/\/boxia.world\/wp-content\/uploads\/2024\/06\/only_light_blue-768x768.jpg",768,768,true],"large":["https:\/\/boxia.world\/wp-content\/uploads\/2024\/06\/only_light_blue.jpg",893,893,false],"1536x1536":["https:\/\/boxia.world\/wp-content\/uploads\/2024\/06\/only_light_blue.jpg",893,893,false],"2048x2048":["https:\/\/boxia.world\/wp-content\/uploads\/2024\/06\/only_light_blue.jpg",893,893,false],"woocommerce_thumbnail":["https:\/\/boxia.world\/wp-content\/uploads\/2024\/06\/only_light_blue-300x300.jpg",300,300,true],"woocommerce_single":["https:\/\/boxia.world\/wp-content\/uploads\/2024\/06\/only_light_blue-600x600.jpg",600,600,true],"woocommerce_gallery_thumbnail":["https:\/\/boxia.world\/wp-content\/uploads\/2024\/06\/only_light_blue-100x100.jpg",100,100,true]},"uagb_author_info":{"display_name":"root","author_link":"https:\/\/boxia.world\/pl\/author\/"},"uagb_comment_info":0,"uagb_excerpt":"To pude\u0142ko ma dok\u0142adnie taki sam rozmiar 33 x 38 x 33 cm. Idealnie pasuje do rega\u0142u Kallax.","_links":{"self":[{"href":"https:\/\/boxia.world\/pl\/wp-json\/wp\/v2\/product\/924","targetHints":{"allow":["GET"]}}],"collection":[{"href":"https:\/\/boxia.world\/pl\/wp-json\/wp\/v2\/product"}],"about":[{"href":"https:\/\/boxia.world\/pl\/wp-json\/wp\/v2\/types\/product"}],"replies":[{"embeddable":true,"href":"https:\/\/boxia.world\/pl\/wp-json\/wp\/v2\/comments?post=924"}],"wp:featuredmedia":[{"embeddable":true,"href":"https:\/\/boxia.world\/pl\/wp-json\/wp\/v2\/media\/2652"}],"wp:attachment":[{"href":"https:\/\/boxia.world\/pl\/wp-json\/wp\/v2\/media?parent=924"}],"wp:term":[{"taxonomy":"product_brand","embeddable":true,"href":"https:\/\/boxia.world\/pl\/wp-json\/wp\/v2\/product_brand?post=924"},{"taxonomy":"product_cat","embeddable":true,"href":"https:\/\/boxia.world\/pl\/wp-json\/wp\/v2\/product_cat?post=924"},{"taxonomy":"product_tag","embeddable":true,"href":"https:\/\/boxia.world\/pl\/wp-json\/wp\/v2\/product_tag?post=924"}],"curies":[{"name":"wp","href":"https:\/\/api.w.org\/{rel}","templated":true}]}}