{"id":950,"date":"2024-06-26T13:57:28","date_gmt":"2024-06-26T11:57:28","guid":{"rendered":"https:\/home\/dara\/Work\/localhost:8080\/localhost:8080\/product\/zestaw-swiateczny-4-pudelka\/"},"modified":"2025-05-28T11:35:22","modified_gmt":"2025-05-28T09:35:22","slug":"zestaw-swiateczny-4-pudelka","status":"publish","type":"product","link":"https:\/\/boxia.world\/pl\/produkt\/zestaw-swiateczny-4-pudelka\/","title":{"rendered":"Zestaw \u015bwi\u0105teczny &#8211; 4 pude\u0142ka"},"content":{"rendered":"<p>ZM\u0118CZONY SMUTNYMI KOLORAMI Z IKEA? A MO\u017bE NOWY MOTYW \u015aWI\u0104TECZNY DO SALONU LUB SYPIALNI? TWOJE DRONY PO KILKU MIESI\u0104CACH S\u0104 BRUDNE LUB ROZCI\u0104GNI\u0118TE? WYMIE\u0143 KALLAX NA PI\u0118KNE DEKORACJE W \u017bYWYCH KOLORACH, KT\u00d3RE ZOSTAN\u0104 W TWOIM DOMU NA LATA! TA OFERTA TO SPECJALNY ZESTAW 4 PUDE\u0141EK SPECJALNIE NA NADCHODZ\u0104CY SEZON \u015aWI\u0104TECZNY. CZTERY PUDE\u0141KA OFEROWANE W SPECJALNEJ CENIE:<br \/>\n2x BLOODY RED i<br \/>\n2x DARK GREEN<\/p>\n<p>Nasze pude\u0142ka maj\u0105 dok\u0142adnie taki sam rozmiar 33 x 38 x 33 cm. Idealnie pasuj\u0105 do stojak\u00f3w Kallax i dodatkowo:<\/p>\n<p>&#8211; Wszystkie \u015bcianki s\u0105 usztywnione elastycznym i wytrzyma\u0142ym materia\u0142em.<\/p>\n<p>&#8211; Bardzo \u0142atwe w monta\u017cu &#8211; wystarczy kilka sekund, aby z\u0142o\u017cy\u0107 pude\u0142ko i w\u0142o\u017cy\u0107 do niego usztywnione dno.<\/p>\n<p>&#8211; Wykonane z najwy\u017cszej jako\u015bci materia\u0142\u00f3w, co zapewnia trwa\u0142o\u015b\u0107 i wieloletni\u0105 funkcjonalno\u015b\u0107. B\u0119d\u0105 wygl\u0105da\u0107 \u015bwietnie przez lata.<\/p>\n<p>&#8211; Zmywalne &#8211; \u0142atwe do utrzymania w czysto\u015bci. Wystarczy przetrze\u0107 je wilgotn\u0105 \u015bciereczk\u0105, aby usun\u0105\u0107 zabrudzenia lub kurz.<\/p>\n<p>&#8211; Posiadaj\u0105 dwa wygodne uchwyty &#8211; \u0142atwo je wysun\u0105\u0107 z Kallax i przenie\u015b\u0107 bez obawy, \u017ce co\u015b z nich wypadnie.<\/p>\n<p>Mamy 15 kolor\u00f3w:<br \/>\n&#8211; \u017c\u00f3\u0142ty<br \/>\n&#8211; ciemny r\u00f3\u017c \/ fuksja<br \/>\n&#8211; jasny r\u00f3\u017c<br \/>\n&#8211; granatowy<br \/>\n&#8211; niebieski<br \/>\n&#8211; \u015bliwkowy<br \/>\n&#8211; grafitowy<br \/>\n&#8211; czarny<br \/>\n&#8211; bia\u0142y<br \/>\n&#8211; krwista czerwie\u0144<br \/>\n&#8211; \u017cywa czerwie\u0144<br \/>\n&#8211; mandarynka<br \/>\n&#8211; soczysta pomara\u0144cza<br \/>\n&#8211; jasna ziele\u0144<br \/>\n&#8211; ciemna ziele\u0144<\/p>\n<p>Gwarantujemy natychmiastow\u0105 wysy\u0142k\u0119 do Polski! Przesy\u0142ki do Europy s\u0105 zazwyczaj docieraj\u0105 w ci\u0105gu 2-5 dni (w tym do Wielkiej Brytanii!), do USA, Australii i Kanady w ci\u0105gu oko\u0142o dw\u00f3ch tygodni (je\u015bli potrzebujesz kr\u00f3tszego czasu, mo\u017cemy zorganizowa\u0107 us\u0142ug\u0119 kuriersk\u0105 do USA, aby utrzyma\u0107 j\u0105 poni\u017cej jednego tygodnia!)<\/p>\n<p>&nbsp;<\/p>\n","protected":false},"excerpt":{"rendered":"<p>Idealna jod\u0142a dla IKEA Kallax na Bo\u017ce Narodzenie! Dok\u0142adne dopasowanie!<\/p>\n","protected":false},"featured_media":823,"comment_status":"open","ping_status":"closed","template":"","meta":{"_acf_changed":false,"om_disable_all_campaigns":false,"_uag_custom_page_level_css":"","_monsterinsights_skip_tracking":false,"_monsterinsights_sitenote_active":false,"_monsterinsights_sitenote_note":"","_monsterinsights_sitenote_category":0},"product_brand":[],"product_cat":[123],"product_tag":[130,124,135,131,134,126,127,133,132,129,128,125],"class_list":{"0":"post-950","1":"product","2":"type-product","3":"status-publish","4":"has-post-thumbnail","6":"product_cat-specjalne","7":"product_tag-dom-i-zycie","8":"product_tag-kallax-pl","9":"product_tag-kosz-filcowy","10":"product_tag-organizacja-przechowywania","11":"product_tag-organizer-do-sypialni","12":"product_tag-organizer-do-szafy","13":"product_tag-pojemnik-na-kostki","14":"product_tag-polka-piwniczna","15":"product_tag-przestrzen-dyskowa","16":"product_tag-pudelka-i-pojemniki","17":"product_tag-pudelko-ozdobne","18":"product_tag-storage-box-pl","20":"first","21":"instock","22":"taxable","23":"shipping-taxable","24":"purchasable","25":"product-type-simple","26":"add-to-wishlist-after_add_to_cart"},"acf":[],"aioseo_notices":[],"uagb_featured_image_src":{"full":["https:\/\/boxia.world\/wp-content\/uploads\/2024\/06\/f711abdf3f786d16d2c6edab5cff7816-e1740272718481.jpg",1365,1820,false],"thumbnail":["https:\/\/boxia.world\/wp-content\/uploads\/2024\/06\/f711abdf3f786d16d2c6edab5cff7816-150x150.jpg",150,150,true],"medium":["https:\/\/boxia.world\/wp-content\/uploads\/2024\/06\/f711abdf3f786d16d2c6edab5cff7816-225x300.jpg",225,300,true],"medium_large":["https:\/\/boxia.world\/wp-content\/uploads\/2024\/06\/f711abdf3f786d16d2c6edab5cff7816-768x1024.jpg",768,1024,true],"large":["https:\/\/boxia.world\/wp-content\/uploads\/2024\/06\/f711abdf3f786d16d2c6edab5cff7816-768x1024.jpg",768,1024,true],"1536x1536":["https:\/\/boxia.world\/wp-content\/uploads\/2024\/06\/f711abdf3f786d16d2c6edab5cff7816-1152x1536.jpg",1152,1536,true],"2048x2048":["https:\/\/boxia.world\/wp-content\/uploads\/2024\/06\/f711abdf3f786d16d2c6edab5cff7816-e1740272718481.jpg",1365,1820,false],"woocommerce_thumbnail":["https:\/\/boxia.world\/wp-content\/uploads\/2024\/06\/f711abdf3f786d16d2c6edab5cff7816-300x300.jpg",300,300,true],"woocommerce_single":["https:\/\/boxia.world\/wp-content\/uploads\/2024\/06\/f711abdf3f786d16d2c6edab5cff7816-600x800.jpg",600,800,true],"woocommerce_gallery_thumbnail":["https:\/\/boxia.world\/wp-content\/uploads\/2024\/06\/f711abdf3f786d16d2c6edab5cff7816-100x100.jpg",100,100,true]},"uagb_author_info":{"display_name":"root","author_link":"https:\/\/boxia.world\/pl\/author\/"},"uagb_comment_info":0,"uagb_excerpt":"Idealna jod\u0142a dla IKEA Kallax na Bo\u017ce Narodzenie! Dok\u0142adne dopasowanie!","_links":{"self":[{"href":"https:\/\/boxia.world\/pl\/wp-json\/wp\/v2\/product\/950","targetHints":{"allow":["GET"]}}],"collection":[{"href":"https:\/\/boxia.world\/pl\/wp-json\/wp\/v2\/product"}],"about":[{"href":"https:\/\/boxia.world\/pl\/wp-json\/wp\/v2\/types\/product"}],"replies":[{"embeddable":true,"href":"https:\/\/boxia.world\/pl\/wp-json\/wp\/v2\/comments?post=950"}],"wp:featuredmedia":[{"embeddable":true,"href":"https:\/\/boxia.world\/pl\/wp-json\/wp\/v2\/media\/823"}],"wp:attachment":[{"href":"https:\/\/boxia.world\/pl\/wp-json\/wp\/v2\/media?parent=950"}],"wp:term":[{"taxonomy":"product_brand","embeddable":true,"href":"https:\/\/boxia.world\/pl\/wp-json\/wp\/v2\/product_brand?post=950"},{"taxonomy":"product_cat","embeddable":true,"href":"https:\/\/boxia.world\/pl\/wp-json\/wp\/v2\/product_cat?post=950"},{"taxonomy":"product_tag","embeddable":true,"href":"https:\/\/boxia.world\/pl\/wp-json\/wp\/v2\/product_tag?post=950"}],"curies":[{"name":"wp","href":"https:\/\/api.w.org\/{rel}","templated":true}]}}